{"id":324,"date":"2022-12-08T13:32:54","date_gmt":"2022-12-08T12:32:54","guid":{"rendered":"https:\/\/florenthodel.com\/?post_type=product&#038;p=324"},"modified":"2022-12-09T12:19:47","modified_gmt":"2022-12-09T11:19:47","slug":"saladier-en-gres-noir-emaille-2","status":"publish","type":"product","link":"https:\/\/florenthodel.com\/index.php\/produit\/saladier-en-gres-noir-emaille-2\/","title":{"rendered":"Saladier en gr\u00e9s noir \u00e9maill\u00e9"},"content":{"rendered":"<h3>Email :<\/h3>\n<h5>Floating Blue<\/h5>\n<h3>Dimensions :<\/h3>\n<h5>Diam\u00e8tre : 23\/24 cm<\/h5>\n<h5>Hauteur : 13\/14 cm<\/h5>\n<h3>Technique :<\/h3>\n<h5>Tournage<\/h5>\n<h3>Terre :<\/h3>\n<h5>Gr\u00e9s noir<\/h5>\n","protected":false},"excerpt":{"rendered":"<p>Email : Floating Blue Dimensions : Diam\u00e8tre : 23\/24 cm Hauteur : 13\/14 cm Technique : Tournage Terre : Gr\u00e9s noir<\/p>\n","protected":false},"featured_media":131,"comment_status":"open","ping_status":"closed","template":"","meta":[],"product_cat":[18],"product_tag":[],"class_list":["post-324","product","type-product","status-publish","has-post-thumbnail","hentry","product_cat-saladiers-en-gres"],"_links":{"self":[{"href":"https:\/\/florenthodel.com\/index.php\/wp-json\/wp\/v2\/product\/324","targetHints":{"allow":["GET"]}}],"collection":[{"href":"https:\/\/florenthodel.com\/index.php\/wp-json\/wp\/v2\/product"}],"about":[{"href":"https:\/\/florenthodel.com\/index.php\/wp-json\/wp\/v2\/types\/product"}],"replies":[{"embeddable":true,"href":"https:\/\/florenthodel.com\/index.php\/wp-json\/wp\/v2\/comments?post=324"}],"wp:featuredmedia":[{"embeddable":true,"href":"https:\/\/florenthodel.com\/index.php\/wp-json\/wp\/v2\/media\/131"}],"wp:attachment":[{"href":"https:\/\/florenthodel.com\/index.php\/wp-json\/wp\/v2\/media?parent=324"}],"wp:term":[{"taxonomy":"product_cat","embeddable":true,"href":"https:\/\/florenthodel.com\/index.php\/wp-json\/wp\/v2\/product_cat?post=324"},{"taxonomy":"product_tag","embeddable":true,"href":"https:\/\/florenthodel.com\/index.php\/wp-json\/wp\/v2\/product_tag?post=324"}],"curies":[{"name":"wp","href":"https:\/\/api.w.org\/{rel}","templated":true}]}}