{"id":349,"date":"2022-12-09T10:28:48","date_gmt":"2022-12-09T09:28:48","guid":{"rendered":"https:\/\/florenthodel.com\/?post_type=product&#038;p=349"},"modified":"2022-12-09T12:19:02","modified_gmt":"2022-12-09T11:19:02","slug":"tasse-en-gres-noir-emaille","status":"publish","type":"product","link":"https:\/\/florenthodel.com\/index.php\/produit\/tasse-en-gres-noir-emaille\/","title":{"rendered":"Tasse en gr\u00e9s noir \u00e9maill\u00e9"},"content":{"rendered":"<div id=\"tab-description\" class=\"woocommerce-Tabs-panel woocommerce-Tabs-panel--description panel entry-content wc-tab\" role=\"tabpanel\" aria-labelledby=\"tab-title-description\">\n<h3>Email :<\/h3>\n<h5>Blanc mouchet\u00e9<\/h5>\n<h3>Dimensions :<\/h3>\n<h5>Diam\u00e8tre : 8.5 cm<\/h5>\n<h5>Hauteur : 6 cm<\/h5>\n<h3>Technique :<\/h3>\n<h5>Tournage<\/h5>\n<h3>Terre :<\/h3>\n<h5>Gr\u00e9s noir<\/h5>\n<\/div>\n","protected":false},"excerpt":{"rendered":"<p>Email : Blanc mouchet\u00e9 Dimensions : Diam\u00e8tre : 8.5 cm Hauteur : 6 cm Technique : Tournage Terre : Gr\u00e9s noir<\/p>\n","protected":false},"featured_media":215,"comment_status":"open","ping_status":"closed","template":"","meta":[],"product_cat":[21],"product_tag":[],"class_list":["post-349","product","type-product","status-publish","has-post-thumbnail","hentry","product_cat-tasses"],"_links":{"self":[{"href":"https:\/\/florenthodel.com\/index.php\/wp-json\/wp\/v2\/product\/349","targetHints":{"allow":["GET"]}}],"collection":[{"href":"https:\/\/florenthodel.com\/index.php\/wp-json\/wp\/v2\/product"}],"about":[{"href":"https:\/\/florenthodel.com\/index.php\/wp-json\/wp\/v2\/types\/product"}],"replies":[{"embeddable":true,"href":"https:\/\/florenthodel.com\/index.php\/wp-json\/wp\/v2\/comments?post=349"}],"wp:featuredmedia":[{"embeddable":true,"href":"https:\/\/florenthodel.com\/index.php\/wp-json\/wp\/v2\/media\/215"}],"wp:attachment":[{"href":"https:\/\/florenthodel.com\/index.php\/wp-json\/wp\/v2\/media?parent=349"}],"wp:term":[{"taxonomy":"product_cat","embeddable":true,"href":"https:\/\/florenthodel.com\/index.php\/wp-json\/wp\/v2\/product_cat?post=349"},{"taxonomy":"product_tag","embeddable":true,"href":"https:\/\/florenthodel.com\/index.php\/wp-json\/wp\/v2\/product_tag?post=349"}],"curies":[{"name":"wp","href":"https:\/\/api.w.org\/{rel}","templated":true}]}}