{"id":361,"date":"2022-12-09T10:45:28","date_gmt":"2022-12-09T09:45:28","guid":{"rendered":"https:\/\/florenthodel.com\/?post_type=product&#038;p=361"},"modified":"2022-12-09T12:18:35","modified_gmt":"2022-12-09T11:18:35","slug":"tasse-en-gres-noir-emaille-4","status":"publish","type":"product","link":"https:\/\/florenthodel.com\/index.php\/produit\/tasse-en-gres-noir-emaille-4\/","title":{"rendered":"Tasse en gr\u00e9s noir \u00e9maill\u00e9"},"content":{"rendered":"<h3>Email :<\/h3>\n<h5>Blanc mouchet\u00e9<\/h5>\n<h3>Dimensions :<\/h3>\n<h5>Diam\u00e8tre : 9 cm<\/h5>\n<h5>Hauteur : 6 cm<\/h5>\n<h3>Technique :<\/h3>\n<h5>Tournage<\/h5>\n<h3>Terre :<\/h3>\n<h5>Gr\u00e9s noir<\/h5>\n","protected":false},"excerpt":{"rendered":"<p>Email : Blanc mouchet\u00e9 Dimensions : Diam\u00e8tre : 9 cm Hauteur : 6 cm Technique : Tournage Terre : Gr\u00e9s noir<\/p>\n","protected":false},"featured_media":218,"comment_status":"open","ping_status":"closed","template":"","meta":[],"product_cat":[21],"product_tag":[],"class_list":["post-361","product","type-product","status-publish","has-post-thumbnail","hentry","product_cat-tasses"],"_links":{"self":[{"href":"https:\/\/florenthodel.com\/index.php\/wp-json\/wp\/v2\/product\/361","targetHints":{"allow":["GET"]}}],"collection":[{"href":"https:\/\/florenthodel.com\/index.php\/wp-json\/wp\/v2\/product"}],"about":[{"href":"https:\/\/florenthodel.com\/index.php\/wp-json\/wp\/v2\/types\/product"}],"replies":[{"embeddable":true,"href":"https:\/\/florenthodel.com\/index.php\/wp-json\/wp\/v2\/comments?post=361"}],"wp:featuredmedia":[{"embeddable":true,"href":"https:\/\/florenthodel.com\/index.php\/wp-json\/wp\/v2\/media\/218"}],"wp:attachment":[{"href":"https:\/\/florenthodel.com\/index.php\/wp-json\/wp\/v2\/media?parent=361"}],"wp:term":[{"taxonomy":"product_cat","embeddable":true,"href":"https:\/\/florenthodel.com\/index.php\/wp-json\/wp\/v2\/product_cat?post=361"},{"taxonomy":"product_tag","embeddable":true,"href":"https:\/\/florenthodel.com\/index.php\/wp-json\/wp\/v2\/product_tag?post=361"}],"curies":[{"name":"wp","href":"https:\/\/api.w.org\/{rel}","templated":true}]}}