{"id":363,"date":"2022-12-09T10:57:48","date_gmt":"2022-12-09T09:57:48","guid":{"rendered":"https:\/\/florenthodel.com\/?post_type=product&#038;p=363"},"modified":"2022-12-09T12:16:53","modified_gmt":"2022-12-09T11:16:53","slug":"tasse-en-gres-noir-emaille-6","status":"publish","type":"product","link":"https:\/\/florenthodel.com\/index.php\/produit\/tasse-en-gres-noir-emaille-6\/","title":{"rendered":"Tasse en gr\u00e9s noir \u00e9maill\u00e9"},"content":{"rendered":"<h3>Email :<\/h3>\n<h5>Blanc mouchet\u00e9 et bleu<\/h5>\n<h3>Dimensions :<\/h3>\n<h5>Diam\u00e8tre : 9 cm<\/h5>\n<h5>Hauteur : 6 cm<\/h5>\n<h3>Technique :<\/h3>\n<h5>Tournage<\/h5>\n<h3>Terre :<\/h3>\n<h5>Gr\u00e9s noir<\/h5>\n","protected":false},"excerpt":{"rendered":"<p>Email : Blanc mouchet\u00e9 et bleu Dimensions : Diam\u00e8tre : 9 cm Hauteur : 6 cm Technique : Tournage Terre : Gr\u00e9s noir<\/p>\n","protected":false},"featured_media":212,"comment_status":"open","ping_status":"closed","template":"","meta":[],"product_cat":[21],"product_tag":[],"class_list":["post-363","product","type-product","status-publish","has-post-thumbnail","hentry","product_cat-tasses"],"_links":{"self":[{"href":"https:\/\/florenthodel.com\/index.php\/wp-json\/wp\/v2\/product\/363","targetHints":{"allow":["GET"]}}],"collection":[{"href":"https:\/\/florenthodel.com\/index.php\/wp-json\/wp\/v2\/product"}],"about":[{"href":"https:\/\/florenthodel.com\/index.php\/wp-json\/wp\/v2\/types\/product"}],"replies":[{"embeddable":true,"href":"https:\/\/florenthodel.com\/index.php\/wp-json\/wp\/v2\/comments?post=363"}],"wp:featuredmedia":[{"embeddable":true,"href":"https:\/\/florenthodel.com\/index.php\/wp-json\/wp\/v2\/media\/212"}],"wp:attachment":[{"href":"https:\/\/florenthodel.com\/index.php\/wp-json\/wp\/v2\/media?parent=363"}],"wp:term":[{"taxonomy":"product_cat","embeddable":true,"href":"https:\/\/florenthodel.com\/index.php\/wp-json\/wp\/v2\/product_cat?post=363"},{"taxonomy":"product_tag","embeddable":true,"href":"https:\/\/florenthodel.com\/index.php\/wp-json\/wp\/v2\/product_tag?post=363"}],"curies":[{"name":"wp","href":"https:\/\/api.w.org\/{rel}","templated":true}]}}