{"id":409,"date":"2022-12-16T18:29:50","date_gmt":"2022-12-16T17:29:50","guid":{"rendered":"https:\/\/florenthodel.com\/?post_type=product&#038;p=409"},"modified":"2022-12-16T18:29:50","modified_gmt":"2022-12-16T17:29:50","slug":"bol-a-ramen-en-gres-noir-emaille-3","status":"publish","type":"product","link":"https:\/\/florenthodel.com\/index.php\/produit\/bol-a-ramen-en-gres-noir-emaille-3\/","title":{"rendered":"Bol \u00e0 ramen en gr\u00e9s noir \u00e9maill\u00e9"},"content":{"rendered":"<div id=\"tab-description\" class=\"woocommerce-Tabs-panel woocommerce-Tabs-panel--description panel entry-content wc-tab\" role=\"tabpanel\" aria-labelledby=\"tab-title-description\">\n<h3>Email :<\/h3>\n<h5>Bleu de rutile<\/h5>\n<h3>Dimensions :<\/h3>\n<h5>Diam\u00e8tre : 19\/19.5 cm<\/h5>\n<h5>Hauteur : 7.5 cm<\/h5>\n<h3>Technique :<\/h3>\n<h5>Tournage<\/h5>\n<h3>Terre :<\/h3>\n<h5>Gr\u00e9s noir<\/h5>\n<\/div>\n","protected":false},"excerpt":{"rendered":"<p>Email : Bleu de rutile Dimensions : Diam\u00e8tre : 19\/19.5 cm Hauteur : 7.5 cm Technique : Tournage Terre : Gr\u00e9s noir<\/p>\n","protected":false},"featured_media":203,"comment_status":"open","ping_status":"closed","template":"","meta":[],"product_cat":[20],"product_tag":[],"class_list":["post-409","product","type-product","status-publish","has-post-thumbnail","hentry","product_cat-bols-a-ramen-et-a-soupe"],"_links":{"self":[{"href":"https:\/\/florenthodel.com\/index.php\/wp-json\/wp\/v2\/product\/409","targetHints":{"allow":["GET"]}}],"collection":[{"href":"https:\/\/florenthodel.com\/index.php\/wp-json\/wp\/v2\/product"}],"about":[{"href":"https:\/\/florenthodel.com\/index.php\/wp-json\/wp\/v2\/types\/product"}],"replies":[{"embeddable":true,"href":"https:\/\/florenthodel.com\/index.php\/wp-json\/wp\/v2\/comments?post=409"}],"wp:featuredmedia":[{"embeddable":true,"href":"https:\/\/florenthodel.com\/index.php\/wp-json\/wp\/v2\/media\/203"}],"wp:attachment":[{"href":"https:\/\/florenthodel.com\/index.php\/wp-json\/wp\/v2\/media?parent=409"}],"wp:term":[{"taxonomy":"product_cat","embeddable":true,"href":"https:\/\/florenthodel.com\/index.php\/wp-json\/wp\/v2\/product_cat?post=409"},{"taxonomy":"product_tag","embeddable":true,"href":"https:\/\/florenthodel.com\/index.php\/wp-json\/wp\/v2\/product_tag?post=409"}],"curies":[{"name":"wp","href":"https:\/\/api.w.org\/{rel}","templated":true}]}}