{"id":434,"date":"2022-12-16T18:34:46","date_gmt":"2022-12-16T17:34:46","guid":{"rendered":"https:\/\/florenthodel.com\/?post_type=product&#038;p=434"},"modified":"2023-01-01T15:14:38","modified_gmt":"2023-01-01T14:14:38","slug":"bol-a-ramen-en-gres-noir-emaille-5","status":"publish","type":"product","link":"https:\/\/florenthodel.com\/index.php\/produit\/bol-a-ramen-en-gres-noir-emaille-5\/","title":{"rendered":"Bol \u00e0 ramen en gr\u00e9s noir \u00e9maill\u00e9"},"content":{"rendered":"<div id=\"tab-description\" class=\"woocommerce-Tabs-panel woocommerce-Tabs-panel--description panel entry-content wc-tab\" role=\"tabpanel\" aria-labelledby=\"tab-title-description\">\n<h3>Email :<\/h3>\n<h5>Superposition<\/h5>\n<h3>Dimensions :<\/h3>\n<h5>Diam\u00e8tre : 20 cm<\/h5>\n<h5>Hauteur : 7.5 cm<\/h5>\n<h3>Technique :<\/h3>\n<h5>Tournage<\/h5>\n<h3>Terre :<\/h3>\n<h5>Gr\u00e9s noir<\/h5>\n<\/div>\n","protected":false},"excerpt":{"rendered":"<p>Email : Superposition Dimensions : Diam\u00e8tre : 20 cm Hauteur : 7.5 cm Technique : Tournage Terre : Gr\u00e9s noir<\/p>\n","protected":false},"featured_media":420,"comment_status":"open","ping_status":"closed","template":"","meta":[],"product_cat":[20],"product_tag":[],"class_list":["post-434","product","type-product","status-publish","has-post-thumbnail","hentry","product_cat-bols-a-ramen-et-a-soupe"],"_links":{"self":[{"href":"https:\/\/florenthodel.com\/index.php\/wp-json\/wp\/v2\/product\/434","targetHints":{"allow":["GET"]}}],"collection":[{"href":"https:\/\/florenthodel.com\/index.php\/wp-json\/wp\/v2\/product"}],"about":[{"href":"https:\/\/florenthodel.com\/index.php\/wp-json\/wp\/v2\/types\/product"}],"replies":[{"embeddable":true,"href":"https:\/\/florenthodel.com\/index.php\/wp-json\/wp\/v2\/comments?post=434"}],"wp:featuredmedia":[{"embeddable":true,"href":"https:\/\/florenthodel.com\/index.php\/wp-json\/wp\/v2\/media\/420"}],"wp:attachment":[{"href":"https:\/\/florenthodel.com\/index.php\/wp-json\/wp\/v2\/media?parent=434"}],"wp:term":[{"taxonomy":"product_cat","embeddable":true,"href":"https:\/\/florenthodel.com\/index.php\/wp-json\/wp\/v2\/product_cat?post=434"},{"taxonomy":"product_tag","embeddable":true,"href":"https:\/\/florenthodel.com\/index.php\/wp-json\/wp\/v2\/product_tag?post=434"}],"curies":[{"name":"wp","href":"https:\/\/api.w.org\/{rel}","templated":true}]}}