{"id":90,"date":"2022-12-07T18:48:31","date_gmt":"2022-12-07T17:48:31","guid":{"rendered":"https:\/\/florenthodel.com\/?post_type=product&#038;p=90"},"modified":"2023-03-31T21:33:36","modified_gmt":"2023-03-31T19:33:36","slug":"grand-saladier-en-gres-noir-emaille","status":"publish","type":"product","link":"https:\/\/florenthodel.com\/index.php\/produit\/grand-saladier-en-gres-noir-emaille\/","title":{"rendered":"Grand saladier en gr\u00e9s noir \u00e9maill\u00e9"},"content":{"rendered":"<h3>Email :<\/h3>\n<h5>Floating Blue<\/h5>\n<h3>Dimensions :<\/h3>\n<h5>Diam\u00e8tre : 25\/26 cm<\/h5>\n<h5>Hauteur : 11\/12 cm<\/h5>\n<h3>Technique :<\/h3>\n<h5>Tournage<\/h5>\n<h3>Terre :<\/h3>\n<h5>Gr\u00e9s noir<\/h5>\n","protected":false},"excerpt":{"rendered":"<p>Email : Floating Blue Dimensions : Diam\u00e8tre : 25\/26 cm Hauteur : 11\/12 cm Technique : Tournage Terre : Gr\u00e9s noir<\/p>\n","protected":false},"featured_media":99,"comment_status":"open","ping_status":"closed","template":"","meta":[],"product_cat":[18],"product_tag":[],"class_list":["post-90","product","type-product","status-publish","has-post-thumbnail","hentry","product_cat-saladiers-en-gres"],"_links":{"self":[{"href":"https:\/\/florenthodel.com\/index.php\/wp-json\/wp\/v2\/product\/90","targetHints":{"allow":["GET"]}}],"collection":[{"href":"https:\/\/florenthodel.com\/index.php\/wp-json\/wp\/v2\/product"}],"about":[{"href":"https:\/\/florenthodel.com\/index.php\/wp-json\/wp\/v2\/types\/product"}],"replies":[{"embeddable":true,"href":"https:\/\/florenthodel.com\/index.php\/wp-json\/wp\/v2\/comments?post=90"}],"wp:featuredmedia":[{"embeddable":true,"href":"https:\/\/florenthodel.com\/index.php\/wp-json\/wp\/v2\/media\/99"}],"wp:attachment":[{"href":"https:\/\/florenthodel.com\/index.php\/wp-json\/wp\/v2\/media?parent=90"}],"wp:term":[{"taxonomy":"product_cat","embeddable":true,"href":"https:\/\/florenthodel.com\/index.php\/wp-json\/wp\/v2\/product_cat?post=90"},{"taxonomy":"product_tag","embeddable":true,"href":"https:\/\/florenthodel.com\/index.php\/wp-json\/wp\/v2\/product_tag?post=90"}],"curies":[{"name":"wp","href":"https:\/\/api.w.org\/{rel}","templated":true}]}}